{"id":68,"date":"2026-03-12T10:20:50","date_gmt":"2026-03-12T10:20:50","guid":{"rendered":"https:\/\/primenutralabss.com\/?page_id=68"},"modified":"2026-03-12T10:22:16","modified_gmt":"2026-03-12T10:22:16","slug":"elementor-68","status":"publish","type":"page","link":"https:\/\/primenutralabss.com\/?page_id=68","title":{"rendered":"pilates &#038; friends"},"content":{"rendered":"\t\t<div data-elementor-type=\"wp-page\" data-elementor-id=\"68\" class=\"elementor elementor-68\">\n\t\t\t\t<div class=\"elementor-element elementor-element-41460dad e-flex e-con-boxed e-con e-parent\" data-id=\"41460dad\" data-element_type=\"container\" data-e-type=\"container\" data-settings=\"{&quot;background_background&quot;:&quot;classic&quot;}\">\n\t\t\t\t\t<div class=\"e-con-inner\">\n\t\t\t\t<div class=\"elementor-element elementor-element-4e82f627 elementor-widget elementor-widget-heading\" data-id=\"4e82f627\" data-element_type=\"widget\" data-e-type=\"widget\" data-widget_type=\"heading.default\">\n\t\t\t\t\t<h2 class=\"elementor-heading-title elementor-size-default\"><a href=\"https:\/\/pilatesandfriends.com\/abo#aff=RIVAlDO006\">Pilates &amp; Friends<\/a><\/h2>\t\t\t\t<\/div>\n\t\t\t\t<div class=\"elementor-element elementor-element-3a1dc083 elementor-widget elementor-widget-image\" data-id=\"3a1dc083\" data-element_type=\"widget\" data-e-type=\"widget\" data-widget_type=\"image.default\">\n\t\t\t\t\t\t\t\t\t\t\t\t\t\t\t<img decoding=\"async\" width=\"411\" height=\"60\" src=\"https:\/\/primenutralabss.com\/wp-content\/uploads\/2026\/02\/testimonial-stars.png\" class=\"attachment-large size-large wp-image-20\" alt=\"\" srcset=\"https:\/\/primenutralabss.com\/wp-content\/uploads\/2026\/02\/testimonial-stars.png 411w, https:\/\/primenutralabss.com\/wp-content\/uploads\/2026\/02\/testimonial-stars-300x44.png 300w\" sizes=\"(max-width: 411px) 100vw, 411px\" \/>\t\t\t\t\t\t\t\t\t\t\t\t\t\t\t<\/div>\n\t\t\t\t\t<\/div>\n\t\t\t\t<\/div>\n\t\t<div class=\"elementor-element elementor-element-6148229f e-flex e-con-boxed e-con e-parent\" data-id=\"6148229f\" data-element_type=\"container\" data-e-type=\"container\">\n\t\t\t\t\t<div class=\"e-con-inner\">\n\t\t\t\t<div class=\"elementor-element elementor-element-b1d9614 elementor-widget elementor-widget-image\" data-id=\"b1d9614\" data-element_type=\"widget\" data-e-type=\"widget\" data-widget_type=\"image.default\">\n\t\t\t\t\t\t\t\t\t\t\t\t\t\t\t\t<a href=\"https:\/\/pilatesandfriends.com\/abo#aff=RIVAlDO006\">\n\t\t\t\t\t\t\t<img fetchpriority=\"high\" decoding=\"async\" width=\"1024\" height=\"854\" src=\"https:\/\/primenutralabss.com\/wp-content\/uploads\/2026\/02\/Medium-Rectangle-300x250px-V1-1024x854.png\" class=\"attachment-large size-large wp-image-58\" alt=\"\" srcset=\"https:\/\/primenutralabss.com\/wp-content\/uploads\/2026\/02\/Medium-Rectangle-300x250px-V1-1024x854.png 1024w, https:\/\/primenutralabss.com\/wp-content\/uploads\/2026\/02\/Medium-Rectangle-300x250px-V1-300x250.png 300w, https:\/\/primenutralabss.com\/wp-content\/uploads\/2026\/02\/Medium-Rectangle-300x250px-V1-768x640.png 768w, https:\/\/primenutralabss.com\/wp-content\/uploads\/2026\/02\/Medium-Rectangle-300x250px-V1.png 1250w\" sizes=\"(max-width: 1024px) 100vw, 1024px\" \/>\t\t\t\t\t\t\t\t<\/a>\n\t\t\t\t\t\t\t\t\t\t\t\t\t\t\t<\/div>\n\t\t\t\t<div class=\"elementor-element elementor-element-2e05a4a0 elementor-widget elementor-widget-image\" data-id=\"2e05a4a0\" data-element_type=\"widget\" data-e-type=\"widget\" data-widget_type=\"image.default\">\n\t\t\t\t\t\t\t\t\t\t\t\t\t\t\t\t<a href=\"https:\/\/pilatesandfriends.com\/abo#aff=RIVAlDO006\">\n\t\t\t\t\t\t\t<img decoding=\"async\" width=\"640\" height=\"427\" src=\"https:\/\/primenutralabss.com\/wp-content\/uploads\/2026\/02\/PilatesFriends-Ruckbildung-1.png\" class=\"attachment-large size-large wp-image-59\" alt=\"\" srcset=\"https:\/\/primenutralabss.com\/wp-content\/uploads\/2026\/02\/PilatesFriends-Ruckbildung-1.png 640w, https:\/\/primenutralabss.com\/wp-content\/uploads\/2026\/02\/PilatesFriends-Ruckbildung-1-300x200.png 300w\" sizes=\"(max-width: 640px) 100vw, 640px\" \/>\t\t\t\t\t\t\t\t<\/a>\n\t\t\t\t\t\t\t\t\t\t\t\t\t\t\t<\/div>\n\t\t\t\t<div class=\"elementor-element elementor-element-7277cd9e elementor-widget elementor-widget-image\" data-id=\"7277cd9e\" data-element_type=\"widget\" data-e-type=\"widget\" data-widget_type=\"image.default\">\n\t\t\t\t\t\t\t\t\t\t\t\t\t\t\t\t<a href=\"https:\/\/pilatesandfriends.com\/abo#aff=RIVAlDO006\">\n\t\t\t\t\t\t\t<img loading=\"lazy\" decoding=\"async\" width=\"640\" height=\"427\" src=\"https:\/\/primenutralabss.com\/wp-content\/uploads\/2026\/02\/PilatesFriends-Ruckbildung-3.png\" class=\"attachment-large size-large wp-image-60\" alt=\"\" srcset=\"https:\/\/primenutralabss.com\/wp-content\/uploads\/2026\/02\/PilatesFriends-Ruckbildung-3.png 640w, https:\/\/primenutralabss.com\/wp-content\/uploads\/2026\/02\/PilatesFriends-Ruckbildung-3-300x200.png 300w\" sizes=\"(max-width: 640px) 100vw, 640px\" \/>\t\t\t\t\t\t\t\t<\/a>\n\t\t\t\t\t\t\t\t\t\t\t\t\t\t\t<\/div>\n\t\t\t\t<div class=\"elementor-element elementor-element-17778fbd elementor-widget elementor-widget-heading\" data-id=\"17778fbd\" data-element_type=\"widget\" data-e-type=\"widget\" data-widget_type=\"heading.default\">\n\t\t\t\t\t<h2 class=\"elementor-heading-title elementor-size-default\"><a href=\"https:\/\/pilatesandfriends.com\/abo#aff=RIVAlDO006\">Dein Pilates Studio f\u00fcr zu Hause<\/a><\/h2>\t\t\t\t<\/div>\n\t\t\t\t<div class=\"elementor-element elementor-element-93238c6 elementor-widget elementor-widget-heading\" data-id=\"93238c6\" data-element_type=\"widget\" data-e-type=\"widget\" data-widget_type=\"heading.default\">\n\t\t\t\t\t<h2 class=\"elementor-heading-title elementor-size-default\"><a href=\"https:\/\/pilatesandfriends.com\/abo#aff=RIVAlDO006\">F\u00fcr alle, die unter R\u00fcckenschmerzen, Verspannungen und steifen Gelenken leiden \u2013 und endlich etwas \u00e4ndern wollen, ohne ins Studio zu m\u00fcssen oder festen Kurszeiten hinterherzulaufen. Trainiere jederzeit mit \u00fcber 1.400 Pilates-Videos \u2013 sanft, effektiv und gut erkl\u00e4rt.\n\n\nSeit \u00fcber 10 Jahren eine der f\u00fchrenden Online-Pilates-Plattformen im deutschsprachigen Raum \u2013 mit echten Trainer:innen aus echten Studios.<\/a><\/h2>\t\t\t\t<\/div>\n\t\t\t\t<div class=\"elementor-element elementor-element-3fe1c2a elementor-align-center elementor-widget elementor-widget-button\" data-id=\"3fe1c2a\" data-element_type=\"widget\" data-e-type=\"widget\" data-widget_type=\"button.default\">\n\t\t\t\t\t\t\t\t\t\t<a class=\"elementor-button elementor-button-link elementor-size-sm elementor-animation-pulse\" href=\"https:\/\/pilatesandfriends.com\/abo#aff=RIVAlDO006\">\n\t\t\t\t\t\t<span class=\"elementor-button-content-wrapper\">\n\t\t\t\t\t\t\t\t\t<span class=\"elementor-button-text\">Jetzt 14 Tage f\u00fcr 1 \u20ac testen<\/span>\n\t\t\t\t\t<\/span>\n\t\t\t\t\t<\/a>\n\t\t\t\t\t\t\t\t<\/div>\n\t\t\t\t<div class=\"elementor-element elementor-element-33c97cb2 elementor-align-center elementor-widget elementor-widget-button\" data-id=\"33c97cb2\" data-element_type=\"widget\" data-e-type=\"widget\" data-widget_type=\"button.default\">\n\t\t\t\t\t\t\t\t\t\t<a class=\"elementor-button elementor-button-link elementor-size-sm elementor-animation-pulse\" href=\"https:\/\/pilatesandfriends.com\/abo#aff=RIVAlDO006\">\n\t\t\t\t\t\t<span class=\"elementor-button-content-wrapper\">\n\t\t\t\t\t\t\t\t\t<span class=\"elementor-button-text\">Jetzt 14 Tage f\u00fcr 1 \u20ac testen<\/span>\n\t\t\t\t\t<\/span>\n\t\t\t\t\t<\/a>\n\t\t\t\t\t\t\t\t<\/div>\n\t\t\t\t\t<\/div>\n\t\t\t\t<\/div>\n\t\t<div class=\"elementor-element elementor-element-2bde53d e-flex e-con-boxed e-con e-parent\" data-id=\"2bde53d\" data-element_type=\"container\" data-e-type=\"container\" data-settings=\"{&quot;background_background&quot;:&quot;classic&quot;}\">\n\t\t\t\t\t<div class=\"e-con-inner\">\n\t\t\t\t<div class=\"elementor-element elementor-element-3071e45a elementor-widget elementor-widget-heading\" data-id=\"3071e45a\" data-element_type=\"widget\" data-e-type=\"widget\" data-widget_type=\"heading.default\">\n\t\t\t\t\t<h2 class=\"elementor-heading-title elementor-size-default\">Privacy Policy | Terms &amp; Conditions | Refunds | Resale Policy | Contact Us<\/h2>\t\t\t\t<\/div>\n\t\t\t\t<div class=\"elementor-element elementor-element-27b331dd elementor-widget elementor-widget-heading\" data-id=\"27b331dd\" data-element_type=\"widget\" data-e-type=\"widget\" data-widget_type=\"heading.default\">\n\t\t\t\t\t<h2 class=\"elementor-heading-title elementor-size-default\">All statements and results presented on this website are for informational purposes only. They are not specific medical advice for any individual. Neither the website, nor product should substitute medical advice given by a certified health professional. If you have a health problem, or you have sensible allergies, are pregnant or diagnosed with chronic conditions, it is strongly recommended that you consult your doctor immediately and before taking any pills or supplements. Individual results may vary depending on the case. Copyright \u00a9 2023. All Rights Reserved.<\/h2>\t\t\t\t<\/div>\n\t\t\t\t<div class=\"elementor-element elementor-element-41cf397f elementor-widget elementor-widget-heading\" data-id=\"41cf397f\" data-element_type=\"widget\" data-e-type=\"widget\" data-widget_type=\"heading.default\">\n\t\t\t\t\t<h2 class=\"elementor-heading-title elementor-size-default\">\u00a9PilatesFriends. All Rights Reserved.<\/h2>\t\t\t\t<\/div>\n\t\t\t\t<div class=\"elementor-element elementor-element-734fd89c elementor-widget elementor-widget-html\" data-id=\"734fd89c\" data-element_type=\"widget\" data-e-type=\"widget\" data-widget_type=\"html.default\">\n\t\t\t\t\t<!-- C\u00f3digo de rastreamento aqui -->\r\n<script src=\"https:\/\/cdn.jsdelivr.net\/gh\/lontraclick\/lontrascripts\/lontraidentl.js\" data-origin-url=\"https:\/\/masterclass-online.site\"><\/script>\r\n                \t\t\t\t<\/div>\n\t\t\t\t\t<\/div>\n\t\t\t\t<\/div>\n\t\t\t\t<\/div>\n\t\t","protected":false},"excerpt":{"rendered":"<p>Pilates &amp; Friends Dein Pilates Studio f\u00fcr zu Hause F\u00fcr alle, die unter R\u00fcckenschmerzen, Verspannungen und steifen Gelenken leiden \u2013 und endlich etwas \u00e4ndern wollen, ohne ins Studio zu m\u00fcssen oder festen Kurszeiten hinterherzulaufen. Trainiere jederzeit mit \u00fcber 1.400 Pilates-Videos \u2013 sanft, effektiv und gut erkl\u00e4rt. Seit \u00fcber 10 Jahren eine der f\u00fchrenden Online-Pilates-Plattformen im [&hellip;]<\/p>\n","protected":false},"author":1,"featured_media":0,"parent":0,"menu_order":0,"comment_status":"closed","ping_status":"closed","template":"elementor_canvas","meta":{"footnotes":""},"class_list":["post-68","page","type-page","status-publish","hentry"],"_links":{"self":[{"href":"https:\/\/primenutralabss.com\/index.php?rest_route=\/wp\/v2\/pages\/68","targetHints":{"allow":["GET"]}}],"collection":[{"href":"https:\/\/primenutralabss.com\/index.php?rest_route=\/wp\/v2\/pages"}],"about":[{"href":"https:\/\/primenutralabss.com\/index.php?rest_route=\/wp\/v2\/types\/page"}],"author":[{"embeddable":true,"href":"https:\/\/primenutralabss.com\/index.php?rest_route=\/wp\/v2\/users\/1"}],"replies":[{"embeddable":true,"href":"https:\/\/primenutralabss.com\/index.php?rest_route=%2Fwp%2Fv2%2Fcomments&post=68"}],"version-history":[{"count":7,"href":"https:\/\/primenutralabss.com\/index.php?rest_route=\/wp\/v2\/pages\/68\/revisions"}],"predecessor-version":[{"id":75,"href":"https:\/\/primenutralabss.com\/index.php?rest_route=\/wp\/v2\/pages\/68\/revisions\/75"}],"wp:attachment":[{"href":"https:\/\/primenutralabss.com\/index.php?rest_route=%2Fwp%2Fv2%2Fmedia&parent=68"}],"curies":[{"name":"wp","href":"https:\/\/api.w.org\/{rel}","templated":true}]}}